{"id":5777,"date":"2024-08-27T15:28:07","date_gmt":"2024-08-27T12:28:07","guid":{"rendered":"http:\/\/mottosofa.xyz\/?page_id=5777"},"modified":"2024-10-10T15:56:23","modified_gmt":"2024-10-10T12:56:23","slug":"baskili-urunler","status":"publish","type":"page","link":"https:\/\/cemkar.com.tr\/?page_id=5777","title":{"rendered":"Bask\u0131l\u0131 \u00dcr\u00fcnler"},"content":{"rendered":"\t\t<div data-elementor-type=\"wp-page\" data-elementor-id=\"5777\" class=\"elementor elementor-5777\">\n\t\t\t\t\t\t<section class=\"elementor-section elementor-top-section elementor-element elementor-element-1b768fb elementor-section-content-middle envato-kit-141 elementor-section-boxed elementor-section-height-default elementor-section-height-default\" data-id=\"1b768fb\" data-element_type=\"section\" data-settings=\"{&quot;background_background&quot;:&quot;classic&quot;}\">\n\t\t\t\t\t\t\t<div class=\"elementor-background-overlay\"><\/div>\n\t\t\t\t\t\t\t<div class=\"elementor-container elementor-column-gap-wide\">\n\t\t\t\t\t<div class=\"elementor-column elementor-col-100 elementor-top-column elementor-element elementor-element-e313a07\" data-id=\"e313a07\" data-element_type=\"column\">\n\t\t\t<div class=\"elementor-widget-wrap elementor-element-populated\">\n\t\t\t\t\t\t<div class=\"elementor-element elementor-element-923424d elementor-invisible elementor-widget elementor-widget-heading\" data-id=\"923424d\" data-element_type=\"widget\" data-settings=\"{&quot;_animation&quot;:&quot;fadeIn&quot;,&quot;_animation_delay&quot;:50}\" data-widget_type=\"heading.default\">\n\t\t\t\t<div class=\"elementor-widget-container\">\n\t\t\t\t\t<h2 class=\"elementor-heading-title elementor-size-default\">CEMKAR LTD. \u015eT\u0130.\n<\/h2>\t\t\t\t<\/div>\n\t\t\t\t<\/div>\n\t\t\t\t<div class=\"elementor-element elementor-element-965cd3c elementor-invisible elementor-widget elementor-widget-heading\" data-id=\"965cd3c\" data-element_type=\"widget\" data-settings=\"{&quot;_animation&quot;:&quot;fadeIn&quot;,&quot;_animation_delay&quot;:100}\" data-widget_type=\"heading.default\">\n\t\t\t\t<div class=\"elementor-widget-container\">\n\t\t\t\t\t<h2 class=\"elementor-heading-title elementor-size-default\">BASKILI \u00dcR\u00dcNLER<\/h2>\t\t\t\t<\/div>\n\t\t\t\t<\/div>\n\t\t\t\t<div class=\"elementor-element elementor-element-a84cb55 elementor-widget-divider--view-line elementor-invisible elementor-widget elementor-widget-divider\" data-id=\"a84cb55\" data-element_type=\"widget\" data-settings=\"{&quot;_animation&quot;:&quot;fadeIn&quot;,&quot;_animation_delay&quot;:300}\" data-widget_type=\"divider.default\">\n\t\t\t\t<div class=\"elementor-widget-container\">\n\t\t\t\t\t\t\t<div class=\"elementor-divider\">\n\t\t\t<span class=\"elementor-divider-separator\">\n\t\t\t\t\t\t<\/span>\n\t\t<\/div>\n\t\t\t\t\t\t<\/div>\n\t\t\t\t<\/div>\n\t\t\t\t\t<\/div>\n\t\t<\/div>\n\t\t\t\t\t<\/div>\n\t\t<\/section>\n\t\t<div class=\"elementor-element elementor-element-578223d e-flex e-con-boxed e-con e-parent\" data-id=\"578223d\" data-element_type=\"container\">\n\t\t\t\t\t<div class=\"e-con-inner\">\n\t\t<div class=\"elementor-element elementor-element-014cfc1 e-con-full e-flex e-con e-child\" data-id=\"014cfc1\" data-element_type=\"container\">\n\t\t\t\t<div class=\"elementor-element elementor-element-5a34fd9 elementor-widget elementor-widget-image\" data-id=\"5a34fd9\" data-element_type=\"widget\" data-widget_type=\"image.default\">\n\t\t\t\t<div class=\"elementor-widget-container\">\n\t\t\t\t\t\t\t\t\t\t\t\t<figure class=\"wp-caption\">\n\t\t\t\t\t\t\t\t\t\t<img fetchpriority=\"high\" decoding=\"async\" width=\"2560\" height=\"1709\" src=\"https:\/\/cemkar.com.tr\/wp-content\/uploads\/2024\/08\/cemkar-0229-scaled.jpg\" class=\"attachment-full size-full wp-image-5787\" alt=\"\" srcset=\"https:\/\/cemkar.com.tr\/wp-content\/uploads\/2024\/08\/cemkar-0229-scaled.jpg 2560w, https:\/\/cemkar.com.tr\/wp-content\/uploads\/2024\/08\/cemkar-0229-300x200.jpg 300w, https:\/\/cemkar.com.tr\/wp-content\/uploads\/2024\/08\/cemkar-0229-1024x684.jpg 1024w, https:\/\/cemkar.com.tr\/wp-content\/uploads\/2024\/08\/cemkar-0229-768x513.jpg 768w, https:\/\/cemkar.com.tr\/wp-content\/uploads\/2024\/08\/cemkar-0229-1536x1025.jpg 1536w, https:\/\/cemkar.com.tr\/wp-content\/uploads\/2024\/08\/cemkar-0229-2048x1367.jpg 2048w, https:\/\/cemkar.com.tr\/wp-content\/uploads\/2024\/08\/cemkar-0229-600x401.jpg 600w\" sizes=\"(max-width: 2560px) 100vw, 2560px\" \/>\t\t\t\t\t\t\t\t\t\t\t<figcaption class=\"widget-image-caption wp-caption-text\">Bask\u0131l\u0131 Pe\u00e7ete<\/figcaption>\n\t\t\t\t\t\t\t\t\t\t<\/figure>\n\t\t\t\t\t\t\t\t\t<\/div>\n\t\t\t\t<\/div>\n\t\t\t\t<\/div>\n\t\t<div class=\"elementor-element elementor-element-be284ff e-con-full e-flex e-con e-child\" data-id=\"be284ff\" data-element_type=\"container\">\n\t\t\t\t<div class=\"elementor-element elementor-element-21b087b elementor-position-top elementor-widget elementor-widget-image-box\" data-id=\"21b087b\" data-element_type=\"widget\" data-widget_type=\"image-box.default\">\n\t\t\t\t<div class=\"elementor-widget-container\">\n\t\t\t\t\t<div class=\"elementor-image-box-wrapper\"><figure class=\"elementor-image-box-img\"><img decoding=\"async\" width=\"2560\" height=\"1709\" src=\"https:\/\/cemkar.com.tr\/wp-content\/uploads\/2024\/08\/cemkar-0234-scaled.jpg\" class=\"attachment-full size-full wp-image-5783\" alt=\"\" srcset=\"https:\/\/cemkar.com.tr\/wp-content\/uploads\/2024\/08\/cemkar-0234-scaled.jpg 2560w, https:\/\/cemkar.com.tr\/wp-content\/uploads\/2024\/08\/cemkar-0234-300x200.jpg 300w, https:\/\/cemkar.com.tr\/wp-content\/uploads\/2024\/08\/cemkar-0234-1024x684.jpg 1024w, https:\/\/cemkar.com.tr\/wp-content\/uploads\/2024\/08\/cemkar-0234-768x513.jpg 768w, https:\/\/cemkar.com.tr\/wp-content\/uploads\/2024\/08\/cemkar-0234-1536x1025.jpg 1536w, https:\/\/cemkar.com.tr\/wp-content\/uploads\/2024\/08\/cemkar-0234-2048x1367.jpg 2048w, https:\/\/cemkar.com.tr\/wp-content\/uploads\/2024\/08\/cemkar-0234-600x401.jpg 600w\" sizes=\"(max-width: 2560px) 100vw, 2560px\" \/><\/figure><div class=\"elementor-image-box-content\"><h3 class=\"elementor-image-box-title\">Bask\u0131l\u0131 \u0130kram Seti<\/h3><\/div><\/div>\t\t\t\t<\/div>\n\t\t\t\t<\/div>\n\t\t\t\t<\/div>\n\t\t<div class=\"elementor-element elementor-element-89a6d22 e-con-full e-flex e-con e-child\" data-id=\"89a6d22\" data-element_type=\"container\">\n\t\t\t\t<div class=\"elementor-element elementor-element-6c781f8 elementor-position-top elementor-widget elementor-widget-image-box\" data-id=\"6c781f8\" data-element_type=\"widget\" data-widget_type=\"image-box.default\">\n\t\t\t\t<div class=\"elementor-widget-container\">\n\t\t\t\t\t<div class=\"elementor-image-box-wrapper\"><figure class=\"elementor-image-box-img\"><img decoding=\"async\" width=\"2560\" height=\"1709\" src=\"https:\/\/cemkar.com.tr\/wp-content\/uploads\/2024\/08\/cemkar-0248-scaled.jpg\" class=\"attachment-full size-full wp-image-5784\" alt=\"\" srcset=\"https:\/\/cemkar.com.tr\/wp-content\/uploads\/2024\/08\/cemkar-0248-scaled.jpg 2560w, https:\/\/cemkar.com.tr\/wp-content\/uploads\/2024\/08\/cemkar-0248-300x200.jpg 300w, https:\/\/cemkar.com.tr\/wp-content\/uploads\/2024\/08\/cemkar-0248-1024x684.jpg 1024w, https:\/\/cemkar.com.tr\/wp-content\/uploads\/2024\/08\/cemkar-0248-768x513.jpg 768w, https:\/\/cemkar.com.tr\/wp-content\/uploads\/2024\/08\/cemkar-0248-1536x1025.jpg 1536w, https:\/\/cemkar.com.tr\/wp-content\/uploads\/2024\/08\/cemkar-0248-2048x1367.jpg 2048w, https:\/\/cemkar.com.tr\/wp-content\/uploads\/2024\/08\/cemkar-0248-600x401.jpg 600w\" sizes=\"(max-width: 2560px) 100vw, 2560px\" \/><\/figure><div class=\"elementor-image-box-content\"><h3 class=\"elementor-image-box-title\">Bask\u0131l\u0131 Stick <\/h3><\/div><\/div>\t\t\t\t<\/div>\n\t\t\t\t<\/div>\n\t\t\t\t<\/div>\n\t\t<div class=\"elementor-element elementor-element-67f6630 e-con-full e-flex e-con e-child\" data-id=\"67f6630\" data-element_type=\"container\">\n\t\t\t\t<div class=\"elementor-element elementor-element-eb04e3c elementor-position-top elementor-widget elementor-widget-image-box\" data-id=\"eb04e3c\" data-element_type=\"widget\" data-widget_type=\"image-box.default\">\n\t\t\t\t<div class=\"elementor-widget-container\">\n\t\t\t\t\t<div class=\"elementor-image-box-wrapper\"><figure class=\"elementor-image-box-img\"><img loading=\"lazy\" decoding=\"async\" width=\"2560\" height=\"1709\" src=\"https:\/\/cemkar.com.tr\/wp-content\/uploads\/2024\/08\/cemkar-0255-scaled.jpg\" class=\"attachment-full size-full wp-image-5786\" alt=\"\" srcset=\"https:\/\/cemkar.com.tr\/wp-content\/uploads\/2024\/08\/cemkar-0255-scaled.jpg 2560w, https:\/\/cemkar.com.tr\/wp-content\/uploads\/2024\/08\/cemkar-0255-300x200.jpg 300w, https:\/\/cemkar.com.tr\/wp-content\/uploads\/2024\/08\/cemkar-0255-1024x684.jpg 1024w, https:\/\/cemkar.com.tr\/wp-content\/uploads\/2024\/08\/cemkar-0255-768x513.jpg 768w, https:\/\/cemkar.com.tr\/wp-content\/uploads\/2024\/08\/cemkar-0255-1536x1025.jpg 1536w, https:\/\/cemkar.com.tr\/wp-content\/uploads\/2024\/08\/cemkar-0255-2048x1367.jpg 2048w, https:\/\/cemkar.com.tr\/wp-content\/uploads\/2024\/08\/cemkar-0255-600x401.jpg 600w\" sizes=\"(max-width: 2560px) 100vw, 2560px\" \/><\/figure><div class=\"elementor-image-box-content\"><h3 class=\"elementor-image-box-title\">Bask\u0131l\u0131 Bardak<\/h3><\/div><\/div>\t\t\t\t<\/div>\n\t\t\t\t<\/div>\n\t\t\t\t<\/div>\n\t\t\t\t\t<\/div>\n\t\t\t\t<\/div>\n\t\t<div class=\"elementor-element elementor-element-06bfa34 e-flex e-con-boxed e-con e-parent\" data-id=\"06bfa34\" data-element_type=\"container\">\n\t\t\t\t\t<div class=\"e-con-inner\">\n\t\t<div class=\"elementor-element elementor-element-06e15fe e-con-full e-flex e-con e-child\" data-id=\"06e15fe\" data-element_type=\"container\">\n\t\t\t\t<div class=\"elementor-element elementor-element-289dcc5 elementor-widget elementor-widget-image\" data-id=\"289dcc5\" data-element_type=\"widget\" data-widget_type=\"image.default\">\n\t\t\t\t<div class=\"elementor-widget-container\">\n\t\t\t\t\t\t\t\t\t\t\t\t<figure class=\"wp-caption\">\n\t\t\t\t\t\t\t\t\t\t<img loading=\"lazy\" decoding=\"async\" width=\"2560\" height=\"1709\" src=\"https:\/\/cemkar.com.tr\/wp-content\/uploads\/2024\/08\/cemkar-0247-scaled.jpg\" class=\"attachment-full size-full wp-image-5788\" alt=\"\" srcset=\"https:\/\/cemkar.com.tr\/wp-content\/uploads\/2024\/08\/cemkar-0247-scaled.jpg 2560w, https:\/\/cemkar.com.tr\/wp-content\/uploads\/2024\/08\/cemkar-0247-300x200.jpg 300w, https:\/\/cemkar.com.tr\/wp-content\/uploads\/2024\/08\/cemkar-0247-1024x684.jpg 1024w, https:\/\/cemkar.com.tr\/wp-content\/uploads\/2024\/08\/cemkar-0247-768x513.jpg 768w, https:\/\/cemkar.com.tr\/wp-content\/uploads\/2024\/08\/cemkar-0247-1536x1025.jpg 1536w, https:\/\/cemkar.com.tr\/wp-content\/uploads\/2024\/08\/cemkar-0247-2048x1367.jpg 2048w, https:\/\/cemkar.com.tr\/wp-content\/uploads\/2024\/08\/cemkar-0247-600x401.jpg 600w\" sizes=\"(max-width: 2560px) 100vw, 2560px\" \/>\t\t\t\t\t\t\t\t\t\t\t<figcaption class=\"widget-image-caption wp-caption-text\">Bask\u0131l\u0131 \u015eeker<\/figcaption>\n\t\t\t\t\t\t\t\t\t\t<\/figure>\n\t\t\t\t\t\t\t\t\t<\/div>\n\t\t\t\t<\/div>\n\t\t\t\t<\/div>\n\t\t<div class=\"elementor-element elementor-element-d7dc89f e-con-full e-flex e-con e-child\" data-id=\"d7dc89f\" data-element_type=\"container\">\n\t\t\t\t<div class=\"elementor-element elementor-element-58379b4 elementor-position-top elementor-widget elementor-widget-image-box\" data-id=\"58379b4\" data-element_type=\"widget\" data-widget_type=\"image-box.default\">\n\t\t\t\t<div class=\"elementor-widget-container\">\n\t\t\t\t\t<div class=\"elementor-image-box-wrapper\"><figure class=\"elementor-image-box-img\"><img loading=\"lazy\" decoding=\"async\" width=\"2560\" height=\"1709\" src=\"https:\/\/cemkar.com.tr\/wp-content\/uploads\/2024\/08\/cemkar-0249-scaled.jpg\" class=\"attachment-full size-full wp-image-5793\" alt=\"\" srcset=\"https:\/\/cemkar.com.tr\/wp-content\/uploads\/2024\/08\/cemkar-0249-scaled.jpg 2560w, https:\/\/cemkar.com.tr\/wp-content\/uploads\/2024\/08\/cemkar-0249-300x200.jpg 300w, https:\/\/cemkar.com.tr\/wp-content\/uploads\/2024\/08\/cemkar-0249-1024x684.jpg 1024w, https:\/\/cemkar.com.tr\/wp-content\/uploads\/2024\/08\/cemkar-0249-768x513.jpg 768w, https:\/\/cemkar.com.tr\/wp-content\/uploads\/2024\/08\/cemkar-0249-1536x1025.jpg 1536w, https:\/\/cemkar.com.tr\/wp-content\/uploads\/2024\/08\/cemkar-0249-2048x1367.jpg 2048w, https:\/\/cemkar.com.tr\/wp-content\/uploads\/2024\/08\/cemkar-0249-600x401.jpg 600w\" sizes=\"(max-width: 2560px) 100vw, 2560px\" \/><\/figure><div class=\"elementor-image-box-content\"><h3 class=\"elementor-image-box-title\">Bask\u0131l\u0131 Islak Mendil<\/h3><\/div><\/div>\t\t\t\t<\/div>\n\t\t\t\t<\/div>\n\t\t\t\t<\/div>\n\t\t<div class=\"elementor-element elementor-element-51001db e-con-full e-flex e-con e-child\" data-id=\"51001db\" data-element_type=\"container\">\n\t\t\t\t<div class=\"elementor-element elementor-element-b6a4377 elementor-position-top elementor-widget elementor-widget-image-box\" data-id=\"b6a4377\" data-element_type=\"widget\" data-widget_type=\"image-box.default\">\n\t\t\t\t<div class=\"elementor-widget-container\">\n\t\t\t\t\t<div class=\"elementor-image-box-wrapper\"><figure class=\"elementor-image-box-img\"><img loading=\"lazy\" decoding=\"async\" width=\"2560\" height=\"1709\" src=\"https:\/\/cemkar.com.tr\/wp-content\/uploads\/2024\/08\/cemkar-0238-scaled.jpg\" class=\"attachment-full size-full wp-image-5790\" alt=\"\" srcset=\"https:\/\/cemkar.com.tr\/wp-content\/uploads\/2024\/08\/cemkar-0238-scaled.jpg 2560w, https:\/\/cemkar.com.tr\/wp-content\/uploads\/2024\/08\/cemkar-0238-300x200.jpg 300w, https:\/\/cemkar.com.tr\/wp-content\/uploads\/2024\/08\/cemkar-0238-1024x684.jpg 1024w, https:\/\/cemkar.com.tr\/wp-content\/uploads\/2024\/08\/cemkar-0238-768x513.jpg 768w, https:\/\/cemkar.com.tr\/wp-content\/uploads\/2024\/08\/cemkar-0238-1536x1025.jpg 1536w, https:\/\/cemkar.com.tr\/wp-content\/uploads\/2024\/08\/cemkar-0238-2048x1367.jpg 2048w, https:\/\/cemkar.com.tr\/wp-content\/uploads\/2024\/08\/cemkar-0238-600x401.jpg 600w\" sizes=\"(max-width: 2560px) 100vw, 2560px\" \/><\/figure><div class=\"elementor-image-box-content\"><h3 class=\"elementor-image-box-title\">Bask\u0131l\u0131 Bardak Altl\u0131\u011f\u0131<\/h3><\/div><\/div>\t\t\t\t<\/div>\n\t\t\t\t<\/div>\n\t\t\t\t<\/div>\n\t\t<div class=\"elementor-element elementor-element-5041ad6 e-con-full e-flex e-con e-child\" data-id=\"5041ad6\" data-element_type=\"container\">\n\t\t\t\t<div class=\"elementor-element elementor-element-e286000 elementor-position-top elementor-widget elementor-widget-image-box\" data-id=\"e286000\" data-element_type=\"widget\" data-widget_type=\"image-box.default\">\n\t\t\t\t<div class=\"elementor-widget-container\">\n\t\t\t\t\t<div class=\"elementor-image-box-wrapper\"><figure class=\"elementor-image-box-img\"><img loading=\"lazy\" decoding=\"async\" width=\"2560\" height=\"1709\" src=\"https:\/\/cemkar.com.tr\/wp-content\/uploads\/2024\/08\/cemkar-0264-scaled.jpg\" class=\"attachment-full size-full wp-image-5789\" alt=\"\" srcset=\"https:\/\/cemkar.com.tr\/wp-content\/uploads\/2024\/08\/cemkar-0264-scaled.jpg 2560w, https:\/\/cemkar.com.tr\/wp-content\/uploads\/2024\/08\/cemkar-0264-300x200.jpg 300w, https:\/\/cemkar.com.tr\/wp-content\/uploads\/2024\/08\/cemkar-0264-1024x684.jpg 1024w, https:\/\/cemkar.com.tr\/wp-content\/uploads\/2024\/08\/cemkar-0264-768x513.jpg 768w, https:\/\/cemkar.com.tr\/wp-content\/uploads\/2024\/08\/cemkar-0264-1536x1025.jpg 1536w, https:\/\/cemkar.com.tr\/wp-content\/uploads\/2024\/08\/cemkar-0264-2048x1367.jpg 2048w, https:\/\/cemkar.com.tr\/wp-content\/uploads\/2024\/08\/cemkar-0264-600x401.jpg 600w\" sizes=\"(max-width: 2560px) 100vw, 2560px\" \/><\/figure><div class=\"elementor-image-box-content\"><h3 class=\"elementor-image-box-title\">Bask\u0131l\u0131 Servis<\/h3><\/div><\/div>\t\t\t\t<\/div>\n\t\t\t\t<\/div>\n\t\t\t\t<\/div>\n\t\t\t\t\t<\/div>\n\t\t\t\t<\/div>\n\t\t<div class=\"elementor-element elementor-element-38c86cd e-flex e-con-boxed e-con e-parent\" data-id=\"38c86cd\" data-element_type=\"container\">\n\t\t\t\t\t<div class=\"e-con-inner\">\n\t\t<div class=\"elementor-element elementor-element-28b0f5f e-con-full e-flex e-con e-child\" data-id=\"28b0f5f\" data-element_type=\"container\">\n\t\t\t\t<div class=\"elementor-element elementor-element-6f05aef elementor-widget elementor-widget-image\" data-id=\"6f05aef\" data-element_type=\"widget\" data-widget_type=\"image.default\">\n\t\t\t\t<div class=\"elementor-widget-container\">\n\t\t\t\t\t\t\t\t\t\t\t\t<figure class=\"wp-caption\">\n\t\t\t\t\t\t\t\t\t\t<img loading=\"lazy\" decoding=\"async\" width=\"1024\" height=\"684\" src=\"https:\/\/cemkar.com.tr\/wp-content\/uploads\/2024\/08\/cemkar-0417-1024x684.jpg\" class=\"attachment-large size-large wp-image-5782\" alt=\"\" srcset=\"https:\/\/cemkar.com.tr\/wp-content\/uploads\/2024\/08\/cemkar-0417-1024x684.jpg 1024w, https:\/\/cemkar.com.tr\/wp-content\/uploads\/2024\/08\/cemkar-0417-300x200.jpg 300w, https:\/\/cemkar.com.tr\/wp-content\/uploads\/2024\/08\/cemkar-0417-768x513.jpg 768w, https:\/\/cemkar.com.tr\/wp-content\/uploads\/2024\/08\/cemkar-0417-1536x1025.jpg 1536w, https:\/\/cemkar.com.tr\/wp-content\/uploads\/2024\/08\/cemkar-0417-2048x1367.jpg 2048w, https:\/\/cemkar.com.tr\/wp-content\/uploads\/2024\/08\/cemkar-0417-600x401.jpg 600w\" sizes=\"(max-width: 1024px) 100vw, 1024px\" \/>\t\t\t\t\t\t\t\t\t\t\t<figcaption class=\"widget-image-caption wp-caption-text\">Bask\u0131l\u0131 Craft \u00c7anta<\/figcaption>\n\t\t\t\t\t\t\t\t\t\t<\/figure>\n\t\t\t\t\t\t\t\t\t<\/div>\n\t\t\t\t<\/div>\n\t\t\t\t<\/div>\n\t\t<div class=\"elementor-element elementor-element-3fcc50f e-con-full e-flex e-con e-child\" data-id=\"3fcc50f\" data-element_type=\"container\">\n\t\t\t\t<div class=\"elementor-element elementor-element-228fd2e elementor-position-top elementor-widget elementor-widget-image-box\" data-id=\"228fd2e\" data-element_type=\"widget\" data-widget_type=\"image-box.default\">\n\t\t\t\t<div class=\"elementor-widget-container\">\n\t\t\t\t\t<div class=\"elementor-image-box-wrapper\"><figure class=\"elementor-image-box-img\"><img loading=\"lazy\" decoding=\"async\" width=\"2560\" height=\"1709\" src=\"https:\/\/cemkar.com.tr\/wp-content\/uploads\/2024\/08\/cemkar-0415-scaled.jpg\" class=\"attachment-full size-full wp-image-5781\" alt=\"\" srcset=\"https:\/\/cemkar.com.tr\/wp-content\/uploads\/2024\/08\/cemkar-0415-scaled.jpg 2560w, https:\/\/cemkar.com.tr\/wp-content\/uploads\/2024\/08\/cemkar-0415-300x200.jpg 300w, https:\/\/cemkar.com.tr\/wp-content\/uploads\/2024\/08\/cemkar-0415-1024x684.jpg 1024w, https:\/\/cemkar.com.tr\/wp-content\/uploads\/2024\/08\/cemkar-0415-768x513.jpg 768w, https:\/\/cemkar.com.tr\/wp-content\/uploads\/2024\/08\/cemkar-0415-1536x1025.jpg 1536w, https:\/\/cemkar.com.tr\/wp-content\/uploads\/2024\/08\/cemkar-0415-2048x1367.jpg 2048w, https:\/\/cemkar.com.tr\/wp-content\/uploads\/2024\/08\/cemkar-0415-600x401.jpg 600w\" sizes=\"(max-width: 2560px) 100vw, 2560px\" \/><\/figure><div class=\"elementor-image-box-content\"><h3 class=\"elementor-image-box-title\">Bask\u0131l\u0131 \u00c7atal B\u0131\u00e7ak K\u0131l\u0131f\u0131<\/h3><\/div><\/div>\t\t\t\t<\/div>\n\t\t\t\t<\/div>\n\t\t\t\t<\/div>\n\t\t<div class=\"elementor-element elementor-element-9779351 e-con-full e-flex e-con e-child\" data-id=\"9779351\" data-element_type=\"container\">\n\t\t\t\t<div class=\"elementor-element elementor-element-28c06d3 elementor-position-top elementor-widget elementor-widget-image-box\" data-id=\"28c06d3\" data-element_type=\"widget\" data-widget_type=\"image-box.default\">\n\t\t\t\t<div class=\"elementor-widget-container\">\n\t\t\t\t\t<div class=\"elementor-image-box-wrapper\"><figure class=\"elementor-image-box-img\"><img loading=\"lazy\" decoding=\"async\" width=\"1962\" height=\"1335\" src=\"https:\/\/cemkar.com.tr\/wp-content\/uploads\/2024\/08\/cemkar-0390-scaled-e1724761430173.jpg\" class=\"attachment-full size-full wp-image-5796\" alt=\"\" srcset=\"https:\/\/cemkar.com.tr\/wp-content\/uploads\/2024\/08\/cemkar-0390-scaled-e1724761430173.jpg 1962w, https:\/\/cemkar.com.tr\/wp-content\/uploads\/2024\/08\/cemkar-0390-scaled-e1724761430173-300x204.jpg 300w, https:\/\/cemkar.com.tr\/wp-content\/uploads\/2024\/08\/cemkar-0390-scaled-e1724761430173-1024x697.jpg 1024w, https:\/\/cemkar.com.tr\/wp-content\/uploads\/2024\/08\/cemkar-0390-scaled-e1724761430173-768x523.jpg 768w, https:\/\/cemkar.com.tr\/wp-content\/uploads\/2024\/08\/cemkar-0390-scaled-e1724761430173-1536x1045.jpg 1536w, https:\/\/cemkar.com.tr\/wp-content\/uploads\/2024\/08\/cemkar-0390-scaled-e1724761430173-600x408.jpg 600w\" sizes=\"(max-width: 1962px) 100vw, 1962px\" \/><\/figure><div class=\"elementor-image-box-content\"><h3 class=\"elementor-image-box-title\">Bask\u0131l\u0131 Kare Dolum<\/h3><\/div><\/div>\t\t\t\t<\/div>\n\t\t\t\t<\/div>\n\t\t\t\t<\/div>\n\t\t<div class=\"elementor-element elementor-element-5b919dc e-con-full e-flex e-con e-child\" data-id=\"5b919dc\" data-element_type=\"container\">\n\t\t\t\t<div class=\"elementor-element elementor-element-9c3763d elementor-position-top elementor-widget elementor-widget-image-box\" data-id=\"9c3763d\" data-element_type=\"widget\" data-widget_type=\"image-box.default\">\n\t\t\t\t<div class=\"elementor-widget-container\">\n\t\t\t\t\t<div class=\"elementor-image-box-wrapper\"><figure class=\"elementor-image-box-img\"><img loading=\"lazy\" decoding=\"async\" width=\"2560\" height=\"1709\" src=\"https:\/\/cemkar.com.tr\/wp-content\/uploads\/2024\/08\/cemkar-0170-1-scaled.jpg\" class=\"attachment-full size-full wp-image-5794\" alt=\"\" srcset=\"https:\/\/cemkar.com.tr\/wp-content\/uploads\/2024\/08\/cemkar-0170-1-scaled.jpg 2560w, https:\/\/cemkar.com.tr\/wp-content\/uploads\/2024\/08\/cemkar-0170-1-300x200.jpg 300w, https:\/\/cemkar.com.tr\/wp-content\/uploads\/2024\/08\/cemkar-0170-1-1024x684.jpg 1024w, https:\/\/cemkar.com.tr\/wp-content\/uploads\/2024\/08\/cemkar-0170-1-768x513.jpg 768w, https:\/\/cemkar.com.tr\/wp-content\/uploads\/2024\/08\/cemkar-0170-1-1536x1025.jpg 1536w, https:\/\/cemkar.com.tr\/wp-content\/uploads\/2024\/08\/cemkar-0170-1-2048x1367.jpg 2048w, https:\/\/cemkar.com.tr\/wp-content\/uploads\/2024\/08\/cemkar-0170-1-600x401.jpg 600w\" sizes=\"(max-width: 2560px) 100vw, 2560px\" \/><\/figure><div class=\"elementor-image-box-content\"><h3 class=\"elementor-image-box-title\">Bask\u0131l\u0131 Kutu<\/h3><\/div><\/div>\t\t\t\t<\/div>\n\t\t\t\t<\/div>\n\t\t\t\t<\/div>\n\t\t\t\t\t<\/div>\n\t\t\t\t<\/div>\n\t\t\t\t<\/div>\n\t\t","protected":false},"excerpt":{"rendered":"<p>CEMKAR LTD. \u015eT\u0130. BASKILI \u00dcR\u00dcNLER Bask\u0131l\u0131 Pe\u00e7ete Bask\u0131l\u0131 \u0130kram Seti Bask\u0131l\u0131 Stick Bask\u0131l\u0131 Bardak Bask\u0131l\u0131 \u015eeker Bask\u0131l\u0131 Islak Mendil Bask\u0131l\u0131 Bardak Altl\u0131\u011f\u0131 Bask\u0131l\u0131 Servis Bask\u0131l\u0131 Craft \u00c7anta Bask\u0131l\u0131 \u00c7atal B\u0131\u00e7ak K\u0131l\u0131f\u0131 Bask\u0131l\u0131 Kare Dolum Bask\u0131l\u0131 Kutu<\/p>\n","protected":false},"author":1,"featured_media":0,"parent":0,"menu_order":0,"comment_status":"closed","ping_status":"closed","template":"elementor_header_footer","meta":{"site-sidebar-layout":"no-sidebar","site-content-layout":"page-builder","ast-site-content-layout":"full-width-container","site-content-style":"default","site-sidebar-style":"default","ast-global-header-display":"","ast-banner-title-visibility":"","ast-main-header-display":"","ast-hfb-above-header-display":"","ast-hfb-below-header-display":"","ast-hfb-mobile-header-display":"","site-post-title":"disabled","ast-breadcrumbs-content":"","ast-featured-img":"disabled","footer-sml-layout":"","theme-transparent-header-meta":"","adv-header-id-meta":"","stick-header-meta":"","header-above-stick-meta":"","header-main-stick-meta":"","header-below-stick-meta":"","astra-migrate-meta-layouts":"set","ast-page-background-enabled":"default","ast-page-background-meta":{"desktop":{"background-color":"","background-image":"","background-repeat":"repeat","background-position":"center center","background-size":"auto","background-attachment":"scroll","background-type":"","background-media":"","overlay-type":"","overlay-color":"","overlay-opacity":"","overlay-gradient":""},"tablet":{"background-color":"","background-image":"","background-repeat":"repeat","background-position":"center center","background-size":"auto","background-attachment":"scroll","background-type":"","background-media":"","overlay-type":"","overlay-color":"","overlay-opacity":"","overlay-gradient":""},"mobile":{"background-color":"","background-image":"","background-repeat":"repeat","background-position":"center center","background-size":"auto","background-attachment":"scroll","background-type":"","background-media":"","overlay-type":"","overlay-color":"","overlay-opacity":"","overlay-gradient":""}},"ast-content-background-meta":{"desktop":{"background-color":"var(--ast-global-color-5)","background-image":"","background-repeat":"repeat","background-position":"center center","background-size":"auto","background-attachment":"scroll","background-type":"","background-media":"","overlay-type":"","overlay-color":"","overlay-opacity":"","overlay-gradient":""},"tablet":{"background-color":"var(--ast-global-color-5)","background-image":"","background-repeat":"repeat","background-position":"center center","background-size":"auto","background-attachment":"scroll","background-type":"","background-media":"","overlay-type":"","overlay-color":"","overlay-opacity":"","overlay-gradient":""},"mobile":{"background-color":"var(--ast-global-color-5)","background-image":"","background-repeat":"repeat","background-position":"center center","background-size":"auto","background-attachment":"scroll","background-type":"","background-media":"","overlay-type":"","overlay-color":"","overlay-opacity":"","overlay-gradient":""}},"footnotes":""},"class_list":["post-5777","page","type-page","status-publish","hentry"],"_links":{"self":[{"href":"https:\/\/cemkar.com.tr\/index.php?rest_route=\/wp\/v2\/pages\/5777","targetHints":{"allow":["GET"]}}],"collection":[{"href":"https:\/\/cemkar.com.tr\/index.php?rest_route=\/wp\/v2\/pages"}],"about":[{"href":"https:\/\/cemkar.com.tr\/index.php?rest_route=\/wp\/v2\/types\/page"}],"author":[{"embeddable":true,"href":"https:\/\/cemkar.com.tr\/index.php?rest_route=\/wp\/v2\/users\/1"}],"replies":[{"embeddable":true,"href":"https:\/\/cemkar.com.tr\/index.php?rest_route=%2Fwp%2Fv2%2Fcomments&post=5777"}],"version-history":[{"count":10,"href":"https:\/\/cemkar.com.tr\/index.php?rest_route=\/wp\/v2\/pages\/5777\/revisions"}],"predecessor-version":[{"id":6065,"href":"https:\/\/cemkar.com.tr\/index.php?rest_route=\/wp\/v2\/pages\/5777\/revisions\/6065"}],"wp:attachment":[{"href":"https:\/\/cemkar.com.tr\/index.php?rest_route=%2Fwp%2Fv2%2Fmedia&parent=5777"}],"curies":[{"name":"wp","href":"https:\/\/api.w.org\/{rel}","templated":true}]}}